{"id":654,"date":"2019-05-16T19:09:15","date_gmt":"2019-05-16T19:09:15","guid":{"rendered":"http:\/\/historisches-kirchhellen.de\/?page_id=654"},"modified":"2019-05-16T19:09:15","modified_gmt":"2019-05-16T19:09:15","slug":"im-nieland","status":"publish","type":"page","link":"https:\/\/historisches-kirchhellen.de\/?page_id=654","title":{"rendered":"Im Nieland"},"content":{"rendered":"\n<p>Ein Weg zwischen <a href=\"http:\/\/historisches-kirchhellen.de\/?page_id=585\">Burgstra\u00dfe<\/a> und <a href=\"http:\/\/historisches-kirchhellen.de\/?page_id=564\">Bottroper Stra\u00dfe<\/a>. <\/p>\n\n\n\n<p>Nele, Neile, Niele sind pr\u00e4historische Wasserw\u00f6rter. <\/p>\n","protected":false},"excerpt":{"rendered":"<p>Ein Weg zwischen Burgstra\u00dfe und Bottroper Stra\u00dfe. Nele, Neile, Niele sind pr\u00e4historische Wasserw\u00f6rter.<\/p>\n","protected":false},"author":1,"featured_media":0,"parent":123,"menu_order":126,"comment_status":"closed","ping_status":"closed","template":"","meta":{"_acf_changed":false,"footnotes":""},"class_list":["post-654","page","type-page","status-publish","hentry"],"acf":[],"jetpack_sharing_enabled":true,"_links":{"self":[{"href":"https:\/\/historisches-kirchhellen.de\/index.php?rest_route=\/wp\/v2\/pages\/654","targetHints":{"allow":["GET"]}}],"collection":[{"href":"https:\/\/historisches-kirchhellen.de\/index.php?rest_route=\/wp\/v2\/pages"}],"about":[{"href":"https:\/\/historisches-kirchhellen.de\/index.php?rest_route=\/wp\/v2\/types\/page"}],"author":[{"embeddable":true,"href":"https:\/\/historisches-kirchhellen.de\/index.php?rest_route=\/wp\/v2\/users\/1"}],"replies":[{"embeddable":true,"href":"https:\/\/historisches-kirchhellen.de\/index.php?rest_route=%2Fwp%2Fv2%2Fcomments&post=654"}],"version-history":[{"count":0,"href":"https:\/\/historisches-kirchhellen.de\/index.php?rest_route=\/wp\/v2\/pages\/654\/revisions"}],"up":[{"embeddable":true,"href":"https:\/\/historisches-kirchhellen.de\/index.php?rest_route=\/wp\/v2\/pages\/123"}],"wp:attachment":[{"href":"https:\/\/historisches-kirchhellen.de\/index.php?rest_route=%2Fwp%2Fv2%2Fmedia&parent=654"}],"curies":[{"name":"wp","href":"https:\/\/api.w.org\/{rel}","templated":true}]}}