{"id":663,"date":"2019-05-18T10:56:03","date_gmt":"2019-05-18T10:56:03","guid":{"rendered":"http:\/\/historisches-kirchhellen.de\/?page_id=663"},"modified":"2019-05-18T10:56:03","modified_gmt":"2019-05-18T10:56:03","slug":"neue-heide-2","status":"publish","type":"page","link":"https:\/\/historisches-kirchhellen.de\/?page_id=663","title":{"rendered":"Neue Heide"},"content":{"rendered":"\n<p>Die Stra\u00dfe &#8222;Neue Heide&#8220; befindet sich im Neubaugebiet Schultenkamp westlich der <a href=\"http:\/\/historisches-kirchhellen.de\/?page_id=526\">Dorfheide<\/a>. Im Bereich dieser Stra\u00dfe stand fr\u00fcher der Hof M\u00f6ller-Wehm.<\/p>\n\n\n\n<p>Der Name der Stra\u00dfe stammt von einer alten Flurbezeichnung.<\/p>\n","protected":false},"excerpt":{"rendered":"<p>Die Stra\u00dfe &#8222;Neue Heide&#8220; befindet sich im Neubaugebiet Schultenkamp westlich der Dorfheide. Im Bereich dieser Stra\u00dfe stand fr\u00fcher der Hof M\u00f6ller-Wehm. Der Name der Stra\u00dfe &hellip; <\/p>\n","protected":false},"author":1,"featured_media":0,"parent":123,"menu_order":140,"comment_status":"closed","ping_status":"closed","template":"","meta":{"_acf_changed":false,"footnotes":""},"class_list":["post-663","page","type-page","status-publish","hentry"],"acf":[],"jetpack_sharing_enabled":true,"_links":{"self":[{"href":"https:\/\/historisches-kirchhellen.de\/index.php?rest_route=\/wp\/v2\/pages\/663","targetHints":{"allow":["GET"]}}],"collection":[{"href":"https:\/\/historisches-kirchhellen.de\/index.php?rest_route=\/wp\/v2\/pages"}],"about":[{"href":"https:\/\/historisches-kirchhellen.de\/index.php?rest_route=\/wp\/v2\/types\/page"}],"author":[{"embeddable":true,"href":"https:\/\/historisches-kirchhellen.de\/index.php?rest_route=\/wp\/v2\/users\/1"}],"replies":[{"embeddable":true,"href":"https:\/\/historisches-kirchhellen.de\/index.php?rest_route=%2Fwp%2Fv2%2Fcomments&post=663"}],"version-history":[{"count":0,"href":"https:\/\/historisches-kirchhellen.de\/index.php?rest_route=\/wp\/v2\/pages\/663\/revisions"}],"up":[{"embeddable":true,"href":"https:\/\/historisches-kirchhellen.de\/index.php?rest_route=\/wp\/v2\/pages\/123"}],"wp:attachment":[{"href":"https:\/\/historisches-kirchhellen.de\/index.php?rest_route=%2Fwp%2Fv2%2Fmedia&parent=663"}],"curies":[{"name":"wp","href":"https:\/\/api.w.org\/{rel}","templated":true}]}}