{"id":667,"date":"2019-05-18T11:07:03","date_gmt":"2019-05-18T11:07:03","guid":{"rendered":"http:\/\/historisches-kirchhellen.de\/?page_id=667"},"modified":"2019-05-18T19:51:42","modified_gmt":"2019-05-18T19:51:42","slug":"pater-dieckmann-strasse","status":"publish","type":"page","link":"https:\/\/historisches-kirchhellen.de\/?page_id=667","title":{"rendered":"Pater-Dieckmann-Stra\u00dfe"},"content":{"rendered":"\n<p>Die Pater-Dieckmann-Stra\u00dfe ist eine geplante Stra\u00dfe im Neubaugebiet Schultenkamp s\u00fcdlich der <a href=\"http:\/\/historisches-kirchhellen.de\/?page_id=665\">Pater-Gahlen-Stra\u00dfe<\/a>. <\/p>\n\n\n\n<p>Pater Theodor Dieckmann wurde am 29. September 1847 in Kirchhellen-Overhagen geboren. Im Jahre 1875 wurde er in England zum Priester geweiht. In Indien wirkte er als Missionar. Er setzte sich dort unter anderem f\u00fcr die Bildung von Frauen ein. 1882 wurde er Pfarrer von Phirangipuram. Dort wurde unter seiner Planung die Pfarrkirche errichtet.<\/p>\n\n\n\n<div class=\"wp-block-image\"><figure class=\"aligncenter is-resized\"><img loading=\"lazy\" decoding=\"async\" src=\"http:\/\/historisches-kirchhellen.de\/wp-content\/uploads\/2019\/05\/07454-Dieckmann-Theodor-e1558208975269-705x1024.jpg\" alt=\"\" class=\"wp-image-727\" width=\"315\" height=\"457\" srcset=\"https:\/\/historisches-kirchhellen.de\/wp-content\/uploads\/2019\/05\/07454-Dieckmann-Theodor-e1558208975269-705x1024.jpg 705w, https:\/\/historisches-kirchhellen.de\/wp-content\/uploads\/2019\/05\/07454-Dieckmann-Theodor-e1558208975269-206x300.jpg 206w, https:\/\/historisches-kirchhellen.de\/wp-content\/uploads\/2019\/05\/07454-Dieckmann-Theodor-e1558208975269-768x1116.jpg 768w, https:\/\/historisches-kirchhellen.de\/wp-content\/uploads\/2019\/05\/07454-Dieckmann-Theodor-e1558208975269.jpg 1063w\" sizes=\"auto, (max-width: 315px) 100vw, 315px\" \/><figcaption>Theodor Dieckmann (1847-1913)<\/figcaption><\/figure><\/div>\n","protected":false},"excerpt":{"rendered":"<p>Die Pater-Dieckmann-Stra\u00dfe ist eine geplante Stra\u00dfe im Neubaugebiet Schultenkamp s\u00fcdlich der Pater-Gahlen-Stra\u00dfe. Pater Theodor Dieckmann wurde am 29. September 1847 in Kirchhellen-Overhagen geboren. Im Jahre &hellip; <\/p>\n","protected":false},"author":1,"featured_media":0,"parent":123,"menu_order":135,"comment_status":"closed","ping_status":"closed","template":"","meta":{"_acf_changed":false,"footnotes":""},"class_list":["post-667","page","type-page","status-publish","hentry"],"acf":[],"jetpack_sharing_enabled":true,"_links":{"self":[{"href":"https:\/\/historisches-kirchhellen.de\/index.php?rest_route=\/wp\/v2\/pages\/667","targetHints":{"allow":["GET"]}}],"collection":[{"href":"https:\/\/historisches-kirchhellen.de\/index.php?rest_route=\/wp\/v2\/pages"}],"about":[{"href":"https:\/\/historisches-kirchhellen.de\/index.php?rest_route=\/wp\/v2\/types\/page"}],"author":[{"embeddable":true,"href":"https:\/\/historisches-kirchhellen.de\/index.php?rest_route=\/wp\/v2\/users\/1"}],"replies":[{"embeddable":true,"href":"https:\/\/historisches-kirchhellen.de\/index.php?rest_route=%2Fwp%2Fv2%2Fcomments&post=667"}],"version-history":[{"count":0,"href":"https:\/\/historisches-kirchhellen.de\/index.php?rest_route=\/wp\/v2\/pages\/667\/revisions"}],"up":[{"embeddable":true,"href":"https:\/\/historisches-kirchhellen.de\/index.php?rest_route=\/wp\/v2\/pages\/123"}],"wp:attachment":[{"href":"https:\/\/historisches-kirchhellen.de\/index.php?rest_route=%2Fwp%2Fv2%2Fmedia&parent=667"}],"curies":[{"name":"wp","href":"https:\/\/api.w.org\/{rel}","templated":true}]}}