{"id":669,"date":"2019-05-18T11:13:43","date_gmt":"2019-05-18T11:13:43","guid":{"rendered":"http:\/\/historisches-kirchhellen.de\/?page_id=669"},"modified":"2019-05-18T11:13:43","modified_gmt":"2019-05-18T11:13:43","slug":"schultenkamp","status":"publish","type":"page","link":"https:\/\/historisches-kirchhellen.de\/?page_id=669","title":{"rendered":"Schultenkamp"},"content":{"rendered":"\n<p>Die Stra\u00dfe Schultenkamp verl\u00e4uft im gleichnamigen Baugebiet vom <a href=\"http:\/\/historisches-kirchhellen.de\/?page_id=341\">Kirchhellener Ring<\/a> aus in n\u00f6rdliche Richtung.<\/p>\n\n\n\n<p>Benannt ist sie nach einer alten Flurbezeichnung.  In dem Wort \u201eKamp\u201c steckt das lateinische \u201ecampus\u201c, das das Ackerland, das Saatfeld meint. Die L\u00e4ndereien geh\u00f6rten fr\u00fcher zum Hof Schulte (sp\u00e4ter Schulze-Oechtering, Beckmann).<\/p>\n","protected":false},"excerpt":{"rendered":"<p>Die Stra\u00dfe Schultenkamp verl\u00e4uft im gleichnamigen Baugebiet vom Kirchhellener Ring aus in n\u00f6rdliche Richtung. Benannt ist sie nach einer alten Flurbezeichnung. In dem Wort \u201eKamp\u201c &hellip; <\/p>\n","protected":false},"author":1,"featured_media":0,"parent":123,"menu_order":139,"comment_status":"closed","ping_status":"closed","template":"","meta":{"_acf_changed":false,"footnotes":""},"class_list":["post-669","page","type-page","status-publish","hentry"],"acf":[],"jetpack_sharing_enabled":true,"_links":{"self":[{"href":"https:\/\/historisches-kirchhellen.de\/index.php?rest_route=\/wp\/v2\/pages\/669","targetHints":{"allow":["GET"]}}],"collection":[{"href":"https:\/\/historisches-kirchhellen.de\/index.php?rest_route=\/wp\/v2\/pages"}],"about":[{"href":"https:\/\/historisches-kirchhellen.de\/index.php?rest_route=\/wp\/v2\/types\/page"}],"author":[{"embeddable":true,"href":"https:\/\/historisches-kirchhellen.de\/index.php?rest_route=\/wp\/v2\/users\/1"}],"replies":[{"embeddable":true,"href":"https:\/\/historisches-kirchhellen.de\/index.php?rest_route=%2Fwp%2Fv2%2Fcomments&post=669"}],"version-history":[{"count":0,"href":"https:\/\/historisches-kirchhellen.de\/index.php?rest_route=\/wp\/v2\/pages\/669\/revisions"}],"up":[{"embeddable":true,"href":"https:\/\/historisches-kirchhellen.de\/index.php?rest_route=\/wp\/v2\/pages\/123"}],"wp:attachment":[{"href":"https:\/\/historisches-kirchhellen.de\/index.php?rest_route=%2Fwp%2Fv2%2Fmedia&parent=669"}],"curies":[{"name":"wp","href":"https:\/\/api.w.org\/{rel}","templated":true}]}}