{"id":671,"date":"2019-05-18T11:18:27","date_gmt":"2019-05-18T11:18:27","guid":{"rendered":"http:\/\/historisches-kirchhellen.de\/?page_id=671"},"modified":"2019-05-18T11:18:27","modified_gmt":"2019-05-18T11:18:27","slug":"im-aechterwoald","status":"publish","type":"page","link":"https:\/\/historisches-kirchhellen.de\/?page_id=671","title":{"rendered":"Im \u00c4chterwoald"},"content":{"rendered":"\n<p>Dieser Weg verl\u00e4uft s\u00fcdlich des <a href=\"http:\/\/historisches-kirchhellen.de\/?page_id=209\">Vossunderns<\/a> gegen\u00fcber des <a href=\"http:\/\/historisches-kirchhellen.de\/?page_id=274\">Prozessionswegs<\/a> in Richtung S\u00fcden zu Halde Sch\u00f6ttelheide. Dort knickt der Weg in Richtung S\u00fcdwesten ab und l\u00e4uft auf den <a href=\"http:\/\/historisches-kirchhellen.de\/?page_id=130\">Alten Postweg<\/a> zu.<\/p>\n\n\n\n<p>Benannt ist der Weg nach einer alten Flurbezeichnung.<\/p>\n","protected":false},"excerpt":{"rendered":"<p>Dieser Weg verl\u00e4uft s\u00fcdlich des Vossunderns gegen\u00fcber des Prozessionswegs in Richtung S\u00fcden zu Halde Sch\u00f6ttelheide. Dort knickt der Weg in Richtung S\u00fcdwesten ab und l\u00e4uft &hellip; <\/p>\n","protected":false},"author":1,"featured_media":0,"parent":123,"menu_order":141,"comment_status":"closed","ping_status":"closed","template":"","meta":{"_acf_changed":false,"footnotes":""},"class_list":["post-671","page","type-page","status-publish","hentry"],"acf":[],"jetpack_sharing_enabled":true,"_links":{"self":[{"href":"https:\/\/historisches-kirchhellen.de\/index.php?rest_route=\/wp\/v2\/pages\/671","targetHints":{"allow":["GET"]}}],"collection":[{"href":"https:\/\/historisches-kirchhellen.de\/index.php?rest_route=\/wp\/v2\/pages"}],"about":[{"href":"https:\/\/historisches-kirchhellen.de\/index.php?rest_route=\/wp\/v2\/types\/page"}],"author":[{"embeddable":true,"href":"https:\/\/historisches-kirchhellen.de\/index.php?rest_route=\/wp\/v2\/users\/1"}],"replies":[{"embeddable":true,"href":"https:\/\/historisches-kirchhellen.de\/index.php?rest_route=%2Fwp%2Fv2%2Fcomments&post=671"}],"version-history":[{"count":0,"href":"https:\/\/historisches-kirchhellen.de\/index.php?rest_route=\/wp\/v2\/pages\/671\/revisions"}],"up":[{"embeddable":true,"href":"https:\/\/historisches-kirchhellen.de\/index.php?rest_route=\/wp\/v2\/pages\/123"}],"wp:attachment":[{"href":"https:\/\/historisches-kirchhellen.de\/index.php?rest_route=%2Fwp%2Fv2%2Fmedia&parent=671"}],"curies":[{"name":"wp","href":"https:\/\/api.w.org\/{rel}","templated":true}]}}