{"id":674,"date":"2019-05-18T11:22:30","date_gmt":"2019-05-18T11:22:30","guid":{"rendered":"http:\/\/historisches-kirchhellen.de\/?page_id=674"},"modified":"2019-05-18T11:22:30","modified_gmt":"2019-05-18T11:22:30","slug":"paul-moor-weg","status":"publish","type":"page","link":"https:\/\/historisches-kirchhellen.de\/?page_id=674","title":{"rendered":"Paul-Moor-Weg"},"content":{"rendered":"\n<p>Dieser Weg n\u00f6rdlich der <a href=\"http:\/\/historisches-kirchhellen.de\/?page_id=577\">Brentanostra\u00dfe<\/a> befindet sich auf dem ehemaligen Gel\u00e4nde der Paul-Moor-Schule.<\/p>\n\n\n\n<p>Benannt wurden Schule und Weg nach dem Schweizer Heilp\u00e4dagogen Paul Moor (*1899, +1977).<\/p>\n","protected":false},"excerpt":{"rendered":"<p>Dieser Weg n\u00f6rdlich der Brentanostra\u00dfe befindet sich auf dem ehemaligen Gel\u00e4nde der Paul-Moor-Schule. Benannt wurden Schule und Weg nach dem Schweizer Heilp\u00e4dagogen Paul Moor (*1899, &hellip; <\/p>\n","protected":false},"author":1,"featured_media":0,"parent":123,"menu_order":142,"comment_status":"closed","ping_status":"closed","template":"","meta":{"_acf_changed":false,"footnotes":""},"class_list":["post-674","page","type-page","status-publish","hentry"],"acf":[],"jetpack_sharing_enabled":true,"_links":{"self":[{"href":"https:\/\/historisches-kirchhellen.de\/index.php?rest_route=\/wp\/v2\/pages\/674","targetHints":{"allow":["GET"]}}],"collection":[{"href":"https:\/\/historisches-kirchhellen.de\/index.php?rest_route=\/wp\/v2\/pages"}],"about":[{"href":"https:\/\/historisches-kirchhellen.de\/index.php?rest_route=\/wp\/v2\/types\/page"}],"author":[{"embeddable":true,"href":"https:\/\/historisches-kirchhellen.de\/index.php?rest_route=\/wp\/v2\/users\/1"}],"replies":[{"embeddable":true,"href":"https:\/\/historisches-kirchhellen.de\/index.php?rest_route=%2Fwp%2Fv2%2Fcomments&post=674"}],"version-history":[{"count":0,"href":"https:\/\/historisches-kirchhellen.de\/index.php?rest_route=\/wp\/v2\/pages\/674\/revisions"}],"up":[{"embeddable":true,"href":"https:\/\/historisches-kirchhellen.de\/index.php?rest_route=\/wp\/v2\/pages\/123"}],"wp:attachment":[{"href":"https:\/\/historisches-kirchhellen.de\/index.php?rest_route=%2Fwp%2Fv2%2Fmedia&parent=674"}],"curies":[{"name":"wp","href":"https:\/\/api.w.org\/{rel}","templated":true}]}}