{"id":679,"date":"2019-05-18T11:27:35","date_gmt":"2019-05-18T11:27:35","guid":{"rendered":"http:\/\/historisches-kirchhellen.de\/?page_id=679"},"modified":"2019-05-18T11:27:35","modified_gmt":"2019-05-18T11:27:35","slug":"gertskamp","status":"publish","type":"page","link":"https:\/\/historisches-kirchhellen.de\/?page_id=679","title":{"rendered":"Gertskamp"},"content":{"rendered":"\n<p>Der Gertskamp befindet sich zwischen den Stra\u00dfen <a href=\"http:\/\/historisches-kirchhellen.de\/?page_id=431\">Hemmers P\u00f6hlken<\/a> und <a href=\"http:\/\/historisches-kirchhellen.de\/?page_id=600\">Am Kuhberg<\/a> im gleichnamigen Neubaugebiet in Feldhausen.<\/p>\n\n\n\n<p>In dem Wort \u201eKamp\u201c steckt das lateinische \u201ecampus\u201c, das das Ackerland, das Saatfeld meint. Der Hof Gerts lag fr\u00fcher in der N\u00e4he der H\u00f6fe Dieckmann und Borgmann. Nach m\u00fcndlicher \u00dcberlieferung soll die Familie Gerts in der Mitte des 19. Jahrhunderts nach Amerika ausgewandert sein.<\/p>\n","protected":false},"excerpt":{"rendered":"<p>Der Gertskamp befindet sich zwischen den Stra\u00dfen Hemmers P\u00f6hlken und Am Kuhberg im gleichnamigen Neubaugebiet in Feldhausen. In dem Wort \u201eKamp\u201c steckt das lateinische \u201ecampus\u201c, &hellip; <\/p>\n","protected":false},"author":1,"featured_media":0,"parent":123,"menu_order":153,"comment_status":"closed","ping_status":"closed","template":"","meta":{"_acf_changed":false,"footnotes":""},"class_list":["post-679","page","type-page","status-publish","hentry"],"acf":[],"jetpack_sharing_enabled":true,"_links":{"self":[{"href":"https:\/\/historisches-kirchhellen.de\/index.php?rest_route=\/wp\/v2\/pages\/679","targetHints":{"allow":["GET"]}}],"collection":[{"href":"https:\/\/historisches-kirchhellen.de\/index.php?rest_route=\/wp\/v2\/pages"}],"about":[{"href":"https:\/\/historisches-kirchhellen.de\/index.php?rest_route=\/wp\/v2\/types\/page"}],"author":[{"embeddable":true,"href":"https:\/\/historisches-kirchhellen.de\/index.php?rest_route=\/wp\/v2\/users\/1"}],"replies":[{"embeddable":true,"href":"https:\/\/historisches-kirchhellen.de\/index.php?rest_route=%2Fwp%2Fv2%2Fcomments&post=679"}],"version-history":[{"count":0,"href":"https:\/\/historisches-kirchhellen.de\/index.php?rest_route=\/wp\/v2\/pages\/679\/revisions"}],"up":[{"embeddable":true,"href":"https:\/\/historisches-kirchhellen.de\/index.php?rest_route=\/wp\/v2\/pages\/123"}],"wp:attachment":[{"href":"https:\/\/historisches-kirchhellen.de\/index.php?rest_route=%2Fwp%2Fv2%2Fmedia&parent=679"}],"curies":[{"name":"wp","href":"https:\/\/api.w.org\/{rel}","templated":true}]}}