{"id":69,"date":"2019-05-14T16:41:49","date_gmt":"2019-05-14T16:41:49","guid":{"rendered":"http:\/\/historisches-kirchhellen.de\/?page_id=69"},"modified":"2019-09-22T16:42:54","modified_gmt":"2019-09-22T16:42:54","slug":"allgemeine-infos","status":"publish","type":"page","link":"https:\/\/historisches-kirchhellen.de\/?page_id=69","title":{"rendered":"Allgemeine Infos"},"content":{"rendered":"\n<p>Kirchhellen war einst eine selbstst\u00e4ndige Gemeinde im Kreis Recklinghausen in Nordrhein-Westfalen. <\/p>\n\n\n\n<p>Erstmals wurde zwischen 1021 und 1036 eine Kirche im Ort erw\u00e4hnt. Der Name Kirchhellen stammt vermutlich von der geografischen Lage der alten Dorfkirche, die sich dort befand, wo heute das Ehrenmal f\u00fcr die Gefallenen des Zweiten Weltkrieges steht. Die Kirche auf dem H\u00fcgel (helle = H\u00fcgel) gab somit dem Ort den Namen. Diese Kirche brannte 1917 unter bis heute ungekl\u00e4rten Umst\u00e4nden ab und wurde nicht wieder aufgebaut. Stattdessen wurde ein Neubau wenige Meter weiter westlich erbaut. <\/p>\n\n\n\n<p>Am 31.12.1974 wurde Kirchhellen unter erheblichem Widerstand der Bev\u00f6lkerung mit den St\u00e4dten Gladbeck und Bottrop zusammengeschlossen. Umgangssprachlich wurde dieses Gebilde &#8222;Glabotki&#8220; (= Gladbeck + Bottrop + Kirchhellen) genannt. Durch das Gerichtsurteil vom 06.12.1975 (Nikolausurteil) wurde der Zusammenschluss wieder aufgehoben. Da nun eine Dreiteilung Kirchhellens zwischen Bottrop, Gladbeck und Dorsten drohte, entschloss man sich in Kirchhellen, einen Zusammenschluss mit Bottrop zu akzeptieren. Seit 1976 ist Kirchhellen daher der n\u00f6rdlichste Stadtbezirk Bottrops.<\/p>\n","protected":false},"excerpt":{"rendered":"<p>Kirchhellen war einst eine selbstst\u00e4ndige Gemeinde im Kreis Recklinghausen in Nordrhein-Westfalen. Erstmals wurde zwischen 1021 und 1036 eine Kirche im Ort erw\u00e4hnt. Der Name Kirchhellen &hellip; <\/p>\n","protected":false},"author":1,"featured_media":0,"parent":48,"menu_order":2,"comment_status":"closed","ping_status":"closed","template":"","meta":{"_acf_changed":false,"footnotes":""},"class_list":["post-69","page","type-page","status-publish","hentry"],"acf":[],"jetpack_sharing_enabled":true,"_links":{"self":[{"href":"https:\/\/historisches-kirchhellen.de\/index.php?rest_route=\/wp\/v2\/pages\/69","targetHints":{"allow":["GET"]}}],"collection":[{"href":"https:\/\/historisches-kirchhellen.de\/index.php?rest_route=\/wp\/v2\/pages"}],"about":[{"href":"https:\/\/historisches-kirchhellen.de\/index.php?rest_route=\/wp\/v2\/types\/page"}],"author":[{"embeddable":true,"href":"https:\/\/historisches-kirchhellen.de\/index.php?rest_route=\/wp\/v2\/users\/1"}],"replies":[{"embeddable":true,"href":"https:\/\/historisches-kirchhellen.de\/index.php?rest_route=%2Fwp%2Fv2%2Fcomments&post=69"}],"version-history":[{"count":0,"href":"https:\/\/historisches-kirchhellen.de\/index.php?rest_route=\/wp\/v2\/pages\/69\/revisions"}],"up":[{"embeddable":true,"href":"https:\/\/historisches-kirchhellen.de\/index.php?rest_route=\/wp\/v2\/pages\/48"}],"wp:attachment":[{"href":"https:\/\/historisches-kirchhellen.de\/index.php?rest_route=%2Fwp%2Fv2%2Fmedia&parent=69"}],"curies":[{"name":"wp","href":"https:\/\/api.w.org\/{rel}","templated":true}]}}