{"id":701,"date":"2019-05-18T11:50:50","date_gmt":"2019-05-18T11:50:50","guid":{"rendered":"http:\/\/historisches-kirchhellen.de\/?page_id=701"},"modified":"2019-05-18T11:50:50","modified_gmt":"2019-05-18T11:50:50","slug":"kiesgrubenweg","status":"publish","type":"page","link":"https:\/\/historisches-kirchhellen.de\/?page_id=701","title":{"rendered":"Kiesgrubenweg"},"content":{"rendered":"\n<p>Der Kiesgrubenweg ist ein Wander- und Reitweg in der Kirchheller Heide zwischen <a href=\"http:\/\/historisches-kirchhellen.de\/?page_id=699\">Kiesweg<\/a> und <a href=\"http:\/\/historisches-kirchhellen.de\/?page_id=693\">Bohrlochweg<\/a>.<\/p>\n\n\n\n<p>Der Name des Weges wurde damals vom KVR vorgeschlagen. Begr\u00fcndet ist der Name wohl durch die fr\u00fcher in der N\u00e4he liegenden Kiesgruben, die sp\u00e4ter mit Wasser aufgef\u00fcllt zum Heidesee wurden. <\/p>\n","protected":false},"excerpt":{"rendered":"<p>Der Kiesgrubenweg ist ein Wander- und Reitweg in der Kirchheller Heide zwischen Kiesweg und Bohrlochweg. Der Name des Weges wurde damals vom KVR vorgeschlagen. Begr\u00fcndet &hellip; <\/p>\n","protected":false},"author":1,"featured_media":0,"parent":123,"menu_order":184,"comment_status":"closed","ping_status":"closed","template":"","meta":{"_acf_changed":false,"footnotes":""},"class_list":["post-701","page","type-page","status-publish","hentry"],"acf":[],"jetpack_sharing_enabled":true,"_links":{"self":[{"href":"https:\/\/historisches-kirchhellen.de\/index.php?rest_route=\/wp\/v2\/pages\/701","targetHints":{"allow":["GET"]}}],"collection":[{"href":"https:\/\/historisches-kirchhellen.de\/index.php?rest_route=\/wp\/v2\/pages"}],"about":[{"href":"https:\/\/historisches-kirchhellen.de\/index.php?rest_route=\/wp\/v2\/types\/page"}],"author":[{"embeddable":true,"href":"https:\/\/historisches-kirchhellen.de\/index.php?rest_route=\/wp\/v2\/users\/1"}],"replies":[{"embeddable":true,"href":"https:\/\/historisches-kirchhellen.de\/index.php?rest_route=%2Fwp%2Fv2%2Fcomments&post=701"}],"version-history":[{"count":0,"href":"https:\/\/historisches-kirchhellen.de\/index.php?rest_route=\/wp\/v2\/pages\/701\/revisions"}],"up":[{"embeddable":true,"href":"https:\/\/historisches-kirchhellen.de\/index.php?rest_route=\/wp\/v2\/pages\/123"}],"wp:attachment":[{"href":"https:\/\/historisches-kirchhellen.de\/index.php?rest_route=%2Fwp%2Fv2%2Fmedia&parent=701"}],"curies":[{"name":"wp","href":"https:\/\/api.w.org\/{rel}","templated":true}]}}