{"id":703,"date":"2019-05-18T11:52:04","date_gmt":"2019-05-18T11:52:04","guid":{"rendered":"http:\/\/historisches-kirchhellen.de\/?page_id=703"},"modified":"2019-05-18T11:52:04","modified_gmt":"2019-05-18T11:52:04","slug":"muehlenweg","status":"publish","type":"page","link":"https:\/\/historisches-kirchhellen.de\/?page_id=703","title":{"rendered":"M\u00fchlenweg"},"content":{"rendered":"\n<p>Der M\u00fchlenweg ist ein Weg in der Kirchheller Heide zwischen <a href=\"http:\/\/historisches-kirchhellen.de\/?page_id=699\">Kiesweg<\/a> und <a href=\"http:\/\/historisches-kirchhellen.de\/?page_id=130\">Altem Postweg<\/a>. <\/p>\n\n\n\n<p>Der Name des Weges wurde damals vom KVR vorgeschlagen. Begr\u00fcndet ist der Name wohl durch die in der N\u00e4he liegende Grafenm\u00fchle. <\/p>\n","protected":false},"excerpt":{"rendered":"<p>Der M\u00fchlenweg ist ein Weg in der Kirchheller Heide zwischen Kiesweg und Altem Postweg. Der Name des Weges wurde damals vom KVR vorgeschlagen. Begr\u00fcndet ist &hellip; <\/p>\n","protected":false},"author":1,"featured_media":0,"parent":123,"menu_order":185,"comment_status":"closed","ping_status":"closed","template":"","meta":{"_acf_changed":false,"footnotes":""},"class_list":["post-703","page","type-page","status-publish","hentry"],"acf":[],"jetpack_sharing_enabled":true,"_links":{"self":[{"href":"https:\/\/historisches-kirchhellen.de\/index.php?rest_route=\/wp\/v2\/pages\/703","targetHints":{"allow":["GET"]}}],"collection":[{"href":"https:\/\/historisches-kirchhellen.de\/index.php?rest_route=\/wp\/v2\/pages"}],"about":[{"href":"https:\/\/historisches-kirchhellen.de\/index.php?rest_route=\/wp\/v2\/types\/page"}],"author":[{"embeddable":true,"href":"https:\/\/historisches-kirchhellen.de\/index.php?rest_route=\/wp\/v2\/users\/1"}],"replies":[{"embeddable":true,"href":"https:\/\/historisches-kirchhellen.de\/index.php?rest_route=%2Fwp%2Fv2%2Fcomments&post=703"}],"version-history":[{"count":0,"href":"https:\/\/historisches-kirchhellen.de\/index.php?rest_route=\/wp\/v2\/pages\/703\/revisions"}],"up":[{"embeddable":true,"href":"https:\/\/historisches-kirchhellen.de\/index.php?rest_route=\/wp\/v2\/pages\/123"}],"wp:attachment":[{"href":"https:\/\/historisches-kirchhellen.de\/index.php?rest_route=%2Fwp%2Fv2%2Fmedia&parent=703"}],"curies":[{"name":"wp","href":"https:\/\/api.w.org\/{rel}","templated":true}]}}