{"id":717,"date":"2019-05-18T12:11:59","date_gmt":"2019-05-18T12:11:59","guid":{"rendered":"http:\/\/historisches-kirchhellen.de\/?page_id=717"},"modified":"2019-05-18T12:11:59","modified_gmt":"2019-05-18T12:11:59","slug":"hans-buening-platz","status":"publish","type":"page","link":"https:\/\/historisches-kirchhellen.de\/?page_id=717","title":{"rendered":"Hans-B\u00fcning-Platz"},"content":{"rendered":"\n<p>Der Platz zwischen der St.-Johannes-Kirche und der <a href=\"http:\/\/historisches-kirchhellen.de\/?page_id=417\">Hauptstra\u00dfe<\/a> wurde im Jahre 2017 nach dem Kirchhellener B\u00fcrgermeister, Rektor und Heimatforscher Hans B\u00fcning (1921-2010) benannt. <\/p>\n\n\n\n<p>Auf dem Hans-B\u00fcning-Platz steht der Kirchhellener Wappenbaum.<\/p>\n","protected":false},"excerpt":{"rendered":"<p>Der Platz zwischen der St.-Johannes-Kirche und der Hauptstra\u00dfe wurde im Jahre 2017 nach dem Kirchhellener B\u00fcrgermeister, Rektor und Heimatforscher Hans B\u00fcning (1921-2010) benannt. Auf dem &hellip; <\/p>\n","protected":false},"author":1,"featured_media":0,"parent":123,"menu_order":208,"comment_status":"closed","ping_status":"closed","template":"","meta":{"_acf_changed":false,"footnotes":""},"class_list":["post-717","page","type-page","status-publish","hentry"],"acf":[],"jetpack_sharing_enabled":true,"_links":{"self":[{"href":"https:\/\/historisches-kirchhellen.de\/index.php?rest_route=\/wp\/v2\/pages\/717","targetHints":{"allow":["GET"]}}],"collection":[{"href":"https:\/\/historisches-kirchhellen.de\/index.php?rest_route=\/wp\/v2\/pages"}],"about":[{"href":"https:\/\/historisches-kirchhellen.de\/index.php?rest_route=\/wp\/v2\/types\/page"}],"author":[{"embeddable":true,"href":"https:\/\/historisches-kirchhellen.de\/index.php?rest_route=\/wp\/v2\/users\/1"}],"replies":[{"embeddable":true,"href":"https:\/\/historisches-kirchhellen.de\/index.php?rest_route=%2Fwp%2Fv2%2Fcomments&post=717"}],"version-history":[{"count":0,"href":"https:\/\/historisches-kirchhellen.de\/index.php?rest_route=\/wp\/v2\/pages\/717\/revisions"}],"up":[{"embeddable":true,"href":"https:\/\/historisches-kirchhellen.de\/index.php?rest_route=\/wp\/v2\/pages\/123"}],"wp:attachment":[{"href":"https:\/\/historisches-kirchhellen.de\/index.php?rest_route=%2Fwp%2Fv2%2Fmedia&parent=717"}],"curies":[{"name":"wp","href":"https:\/\/api.w.org\/{rel}","templated":true}]}}