{"id":815,"date":"2019-05-18T22:07:45","date_gmt":"2019-05-18T22:07:45","guid":{"rendered":"http:\/\/historisches-kirchhellen.de\/?page_id=815"},"modified":"2019-05-19T19:28:15","modified_gmt":"2019-05-19T19:28:15","slug":"gastwirtschaft-dickmann","status":"publish","type":"page","link":"https:\/\/historisches-kirchhellen.de\/?page_id=815","title":{"rendered":"Gastwirtschaft Dickmann, Hauptstra\u00dfe 32"},"content":{"rendered":"\n<p>Bis 1828 geh\u00f6rte das Haus noch dem K\u00f6tter Weber. Der aus Hamborn stammende Zimmermann Theodor Dickmann&nbsp;kaufte es am 18.03.1828 f\u00fcr 613 Taler und 10 Silbergroschen. Am 14.05.1830 wurde das am 17. Juli 2018 abgebrochene Haus erbaut, nachdem das zuvor dort stehende Haus des K\u00f6tters Weber beseitigt wurde. <\/p>\n\n\n\n<p>Dickmann&nbsp;betrieb auch einen Handel mit Baustoffen. Dieses Unternehmen gab er 1857 an seinem Sohn Johann weiter, der wiederum es 1875 an seinen Sohn Theodor \u00fcbertrug. Dieser f\u00fchrte das Gesch\u00e4ft bis 1928 und gab es dann an seinen Sohn Johann weiter. <\/p>\n\n\n\n<p>Zus\u00e4tzlich zum Baugesch\u00e4ft, das gegen\u00fcber des Hauses lag, betrieb Dickmann\u00a0in seinem Haus auch eine Gastst\u00e4tte. Im Jahre 1910 wurde diese gro\u00dfz\u00fcgig erweitert, indem aus der ehemaligen Schreinerwerkstatt der Saal gemacht wurde. Au\u00dferdem wurde die Tenne zum Wohnraum umgebaut. Am 17. Juli 2018 wurde das Haus und der Saal abgebrochen. Zur Zeit (2019) befinden sich auch die Geb\u00e4ude des gegen\u00fcberliegenden Baustoffhandels im Abbruch.<\/p>\n\n\n\n<div class=\"wp-block-columns has-2-columns is-layout-flex wp-container-core-columns-is-layout-9d6595d7 wp-block-columns-is-layout-flex\">\n<div class=\"wp-block-column is-layout-flow wp-block-column-is-layout-flow\">\n<div class=\"wp-block-image\"><figure class=\"aligncenter is-resized\"><a href=\"http:\/\/historisches-kirchhellen.de\/wp-content\/uploads\/2019\/05\/04103.jpg\"><img loading=\"lazy\" decoding=\"async\" src=\"http:\/\/historisches-kirchhellen.de\/wp-content\/uploads\/2019\/05\/04103-e1558217215136-1024x695.jpg\" alt=\"\" class=\"wp-image-816\" width=\"512\" height=\"348\" srcset=\"https:\/\/historisches-kirchhellen.de\/wp-content\/uploads\/2019\/05\/04103-e1558217215136-1024x695.jpg 1024w, https:\/\/historisches-kirchhellen.de\/wp-content\/uploads\/2019\/05\/04103-e1558217215136-300x204.jpg 300w, https:\/\/historisches-kirchhellen.de\/wp-content\/uploads\/2019\/05\/04103-e1558217215136-768x521.jpg 768w, https:\/\/historisches-kirchhellen.de\/wp-content\/uploads\/2019\/05\/04103-e1558217215136.jpg 1547w\" sizes=\"auto, (max-width: 512px) 100vw, 512px\" \/><\/a><figcaption>Gastwirtschaft Dickmann auf einer alten Ansichtskarte<\/figcaption><\/figure><\/div>\n\n\n\n<div class=\"wp-block-image\"><figure class=\"aligncenter is-resized\"><a href=\"http:\/\/historisches-kirchhellen.de\/wp-content\/uploads\/2019\/05\/IMG_2010.jpg\"><img decoding=\"async\" src=\"http:\/\/historisches-kirchhellen.de\/wp-content\/uploads\/2019\/05\/IMG_2010.jpg\" alt=\"\" class=\"wp-image-820\" width=\"512\" srcset=\"https:\/\/historisches-kirchhellen.de\/wp-content\/uploads\/2019\/05\/IMG_2010.jpg 672w, https:\/\/historisches-kirchhellen.de\/wp-content\/uploads\/2019\/05\/IMG_2010-300x225.jpg 300w\" sizes=\"(max-width: 672px) 100vw, 672px\" \/><\/a><figcaption>Gastwirtschaft Dickmann-Kessler wenige Tage vor dem Abbruch 2018<\/figcaption><\/figure><\/div>\n\n\n\n<p><\/p>\n<\/div>\n\n\n\n<div class=\"wp-block-column is-layout-flow wp-block-column-is-layout-flow\">\n<div class=\"wp-block-image\"><figure class=\"aligncenter is-resized\"><a href=\"http:\/\/historisches-kirchhellen.de\/wp-content\/uploads\/2019\/05\/CAM00299.jpg\"><img loading=\"lazy\" decoding=\"async\" src=\"http:\/\/historisches-kirchhellen.de\/wp-content\/uploads\/2019\/05\/CAM00299-1024x768.jpg\" alt=\"\" class=\"wp-image-819\" width=\"512\" height=\"384\" srcset=\"https:\/\/historisches-kirchhellen.de\/wp-content\/uploads\/2019\/05\/CAM00299-1024x768.jpg 1024w, https:\/\/historisches-kirchhellen.de\/wp-content\/uploads\/2019\/05\/CAM00299-300x225.jpg 300w, https:\/\/historisches-kirchhellen.de\/wp-content\/uploads\/2019\/05\/CAM00299-768x576.jpg 768w\" sizes=\"auto, (max-width: 512px) 100vw, 512px\" \/><\/a><figcaption>Die Gastst\u00e4tte kurz nach der Schlie\u00dfung 2015<\/figcaption><\/figure><\/div>\n\n\n\n<div class=\"wp-block-image\"><figure class=\"aligncenter is-resized\"><a href=\"http:\/\/historisches-kirchhellen.de\/wp-content\/uploads\/2019\/05\/02256-Diekmann.jpg\"><img decoding=\"async\" src=\"http:\/\/historisches-kirchhellen.de\/wp-content\/uploads\/2019\/05\/02256-Diekmann-1024x657.jpg\" alt=\"\" class=\"wp-image-837\" width=\"512\" srcset=\"https:\/\/historisches-kirchhellen.de\/wp-content\/uploads\/2019\/05\/02256-Diekmann-1024x657.jpg 1024w, https:\/\/historisches-kirchhellen.de\/wp-content\/uploads\/2019\/05\/02256-Diekmann-300x192.jpg 300w, https:\/\/historisches-kirchhellen.de\/wp-content\/uploads\/2019\/05\/02256-Diekmann-768x493.jpg 768w, https:\/\/historisches-kirchhellen.de\/wp-content\/uploads\/2019\/05\/02256-Diekmann.jpg 1590w\" sizes=\"(max-width: 1024px) 100vw, 1024px\" \/><\/a><figcaption>Innenansicht um 1920<\/figcaption><\/figure><\/div>\n\n\n\n<p><\/p>\n<\/div>\n<\/div>\n","protected":false},"excerpt":{"rendered":"<p>Bis 1828 geh\u00f6rte das Haus noch dem K\u00f6tter Weber. Der aus Hamborn stammende Zimmermann Theodor Dickmann&nbsp;kaufte es am 18.03.1828 f\u00fcr 613 Taler und 10 Silbergroschen. &hellip; <\/p>\n","protected":false},"author":1,"featured_media":0,"parent":62,"menu_order":1,"comment_status":"closed","ping_status":"closed","template":"","meta":{"_acf_changed":false,"footnotes":""},"class_list":["post-815","page","type-page","status-publish","hentry"],"acf":[],"jetpack_sharing_enabled":true,"_links":{"self":[{"href":"https:\/\/historisches-kirchhellen.de\/index.php?rest_route=\/wp\/v2\/pages\/815","targetHints":{"allow":["GET"]}}],"collection":[{"href":"https:\/\/historisches-kirchhellen.de\/index.php?rest_route=\/wp\/v2\/pages"}],"about":[{"href":"https:\/\/historisches-kirchhellen.de\/index.php?rest_route=\/wp\/v2\/types\/page"}],"author":[{"embeddable":true,"href":"https:\/\/historisches-kirchhellen.de\/index.php?rest_route=\/wp\/v2\/users\/1"}],"replies":[{"embeddable":true,"href":"https:\/\/historisches-kirchhellen.de\/index.php?rest_route=%2Fwp%2Fv2%2Fcomments&post=815"}],"version-history":[{"count":0,"href":"https:\/\/historisches-kirchhellen.de\/index.php?rest_route=\/wp\/v2\/pages\/815\/revisions"}],"up":[{"embeddable":true,"href":"https:\/\/historisches-kirchhellen.de\/index.php?rest_route=\/wp\/v2\/pages\/62"}],"wp:attachment":[{"href":"https:\/\/historisches-kirchhellen.de\/index.php?rest_route=%2Fwp%2Fv2%2Fmedia&parent=815"}],"curies":[{"name":"wp","href":"https:\/\/api.w.org\/{rel}","templated":true}]}}